{"id":95,"date":"2012-10-14T22:40:45","date_gmt":"2012-10-14T22:40:45","guid":{"rendered":"http:\/\/www.wunsch-brautkleid.de\/?page_id=95"},"modified":"2019-01-02T14:17:18","modified_gmt":"2019-01-02T13:17:18","slug":"hochzeitskleid-verkaufen","status":"publish","type":"page","link":"https:\/\/www.wunsch-brautkleid.de\/blog\/hochzeitskleid-verkaufen\/","title":{"rendered":"Hochzeitskleid verkaufen in 3 einfachen Schritten"},"content":{"rendered":"<p><strong>Hast du dir schon einmal \u00fcberlegt, dein Brautkleid nach der Hochzeit wieder zu verkaufen? <\/strong>Tausende Frauen haben bereits ihr Brautkleid bei uns zum Verkauf gestellt. Wir bieten dir die M\u00f6glichkeit, eine neue Besitzerin f\u00fcr dein geliebtes Hochzeitskleid zu finden. Willst du wissen wie? Wir zeigen dir drei einfache Schritte, wie du dein Hochzeitskleid verkaufen kannst.<\/p>\n<a href=\"https:\/\/www.wunsch-brautkleid.de\/kleid-verkaufen\/privat\/\" class=\"large square otw-button\">Brautkleid verkaufen<\/a>\n<p><!--more--><\/p>\n<hr \/>\n<h2>Gr\u00fcnde dein Hochzeitskleid zu verkaufen<\/h2>\n<div id=\"attachment_10841\" style=\"max-width: 700px\" class=\"wp-caption aligncenter\"><img decoding=\"async\" loading=\"lazy\" class=\"size-large wp-image-10841\" src=\"https:\/\/www.wunsch-brautkleid.de\/blog\/wp-content\/uploads\/2017\/10\/brautkleid-verkaufen-690x460.jpg\" alt=\"Brautkleid verkaufen\" width=\"690\" height=\"460\" srcset=\"https:\/\/www.wunsch-brautkleid.de\/blog\/wp-content\/uploads\/2017\/10\/brautkleid-verkaufen-690x460.jpg 690w, https:\/\/www.wunsch-brautkleid.de\/blog\/wp-content\/uploads\/2017\/10\/brautkleid-verkaufen-375x250.jpg 375w, https:\/\/www.wunsch-brautkleid.de\/blog\/wp-content\/uploads\/2017\/10\/brautkleid-verkaufen-768x513.jpg 768w, https:\/\/www.wunsch-brautkleid.de\/blog\/wp-content\/uploads\/2017\/10\/brautkleid-verkaufen-1170x780.jpg 1170w, https:\/\/www.wunsch-brautkleid.de\/blog\/wp-content\/uploads\/2017\/10\/brautkleid-verkaufen.jpg 1500w\" sizes=\"(max-width: 690px) 100vw, 690px\" \/><p class=\"wp-caption-text\">\u00a9 Depositphotos.com\/NatashaFedorova<\/p><\/div>\n<p>Viele m\u00f6chten ihr Brautkleid aufheben und weiter vererben. Allerdings sagen 95% aller Frauen, sie w\u00fcrden sich gerne selber ihr Brautkleid aussuchen. Die Suche, das Finden und der Kauf &#8211; alles ist so emotional und eine langer Weg zum perfekten Hochzeitskleid.<\/p>\n<p>M\u00f6chtest du dein Hochzeitskleid verkaufen, kannst du einer anderen Frau helfen, ihr Traumkleid zu finden. Sie kann sich ganz bewusst f\u00fcr dein Brautkleid entscheiden und du kannst einen Teil der Kosten zur\u00fcck finanzieren. Es w\u00e4re zu schade um das Brautkleid, es einfach nur in den Schrank zu h\u00e4ngen.<\/p>\n<p>Zudem l\u00e4sst sich dadurch ein Teil der damals doch recht gro\u00dfen Investition zur\u00fcck finanzieren. Hier lohnt es sich schnell zu sein. Der Wert eines Brautkleides sinkt mit der Zeit. Da ist es von Vorteil, wenn du es jetzt schon verkaufst.<\/p>\n<hr \/>\n<h2>Mit Wunsch-Brautkleid.de dein Hochzeitskleid verkaufen<\/h2>\n<p><img decoding=\"async\" loading=\"lazy\" class=\"aligncenter size-full wp-image-3650\" src=\"https:\/\/www.wunsch-brautkleid.de\/blog\/wp-content\/uploads\/2012\/10\/Brautkleid-verkaufen-Wunsch-Brautkleid.de_.png\" alt=\"\" width=\"925\" height=\"162\" srcset=\"https:\/\/www.wunsch-brautkleid.de\/blog\/wp-content\/uploads\/2012\/10\/Brautkleid-verkaufen-Wunsch-Brautkleid.de_.png 925w, https:\/\/www.wunsch-brautkleid.de\/blog\/wp-content\/uploads\/2012\/10\/Brautkleid-verkaufen-Wunsch-Brautkleid.de_-768x135.png 768w\" sizes=\"(max-width: 925px) 100vw, 925px\" \/><\/p>\n<p>M\u00f6chtest du ein Hochzeitskleid verkaufen, bietet das Internet die eine riesige Plattform. Durch die <strong>gro\u00dfe Reichweite<\/strong> kannst du mit einem vergleichbar geringen Aufwand deine Verkaufschancen stark erh\u00f6hen.<\/p>\n<p>Wir zeigen dir, wie du dein geliebtes Hochzeitskleid in 3 Schritten verkaufen kannst.<\/p>\n<hr \/>\n<h3 style=\"text-align: justify;\">1. Schritt: das Brautkleid<\/h3>\n<div id=\"attachment_12925\" style=\"max-width: 700px\" class=\"wp-caption aligncenter\"><img decoding=\"async\" loading=\"lazy\" class=\"size-large wp-image-12925\" src=\"https:\/\/www.wunsch-brautkleid.de\/blog\/wp-content\/uploads\/2017\/12\/Hochzeitskleid-verkaufen-Brautkleid-Angaben-690x569.jpg\" alt=\"Hochzeitskleid verkaufen mit Brautkleid Angaben\" width=\"690\" height=\"569\" srcset=\"https:\/\/www.wunsch-brautkleid.de\/blog\/wp-content\/uploads\/2017\/12\/Hochzeitskleid-verkaufen-Brautkleid-Angaben-690x569.jpg 690w, https:\/\/www.wunsch-brautkleid.de\/blog\/wp-content\/uploads\/2017\/12\/Hochzeitskleid-verkaufen-Brautkleid-Angaben-375x309.jpg 375w, https:\/\/www.wunsch-brautkleid.de\/blog\/wp-content\/uploads\/2017\/12\/Hochzeitskleid-verkaufen-Brautkleid-Angaben-768x633.jpg 768w, https:\/\/www.wunsch-brautkleid.de\/blog\/wp-content\/uploads\/2017\/12\/Hochzeitskleid-verkaufen-Brautkleid-Angaben.jpg 1500w\" sizes=\"(max-width: 690px) 100vw, 690px\" \/><p class=\"wp-caption-text\">\u00a9 Wunsch-Brautkleid<\/p><\/div>\n<p>In dem ersten Schritt dreht sich alles um <strong>dein Brautkleid<\/strong>: sein Name und die Marke, der Preis, der Zustand und das Aussehen. Bitte gib die Angaben so genau wie m\u00f6glich an. Dies hilft sp\u00e4ter, dass dein Brautkleid besser gefunden werden kann.\u00a0Je mehr du dein Kleid beschreibst, desto leichter k\u00f6nnen Interessenten es finden und sich ein besseres Bild von deinem Hochzeitskleid machen.<\/p>\n<h4>Der Verkaufspreis deines Brautkleides<\/h4>\n<p>Die Preisentscheidung f\u00e4llt nicht jedem leicht. Entscheidungskriterien sind hier der Originalpreis, der Zustand und das Alter des Hochzeitkleides. 50 bis 70% vom Originalpreis k\u00f6nnen ein guter Anhaltspunkt sein. Der Vergleich der Preise von \u00e4hnlichen Brautkleidern in einem \u00e4hnlichen Zustand kann ebenfalls weiterhelfen.<\/p>\n<h4>Der Beschreibungstext f\u00fcr dein Hochzeitskleid<\/h4>\n<p>Mithilfe des Beschreibungstextes kannst du wundervoll auf die einzelnen Details eingehen und die Vorz\u00fcge deines Hochzeitskleides hervorheben. Wenn es sich bei deinem Brautkleid um eine Ma\u00dfanfertigung handelt, kannst du das nat\u00fcrlich auch angeben.\u00a0Weitere Angaben machen das Brautkleid verst\u00e4ndlicher und ersparen viele Fragen. Kunden k\u00f6nnen sich so das Brautkleid besser vorstellen.<\/p>\n<p>Wertvolle Tipps f\u00fcr eine interessante Beschreibung gibt es bei <strong><a href=\"https:\/\/www.wunsch-brautkleid.de\/blog\/brautkleid-online-verkaufen\/#beschreibung\" target=\"_blank\" rel=\"noopener\">&#8222;Wie beschreibe ich mein Brautkleid richtig?&#8220; <\/a><\/strong>aus dem Blogartikel mit\u00a0Verkaufstipps.<\/p>\n<h4>Brautkleid Bilder<\/h4>\n<div id=\"attachment_11061\" style=\"max-width: 700px\" class=\"wp-caption aligncenter\"><img decoding=\"async\" loading=\"lazy\" class=\"size-large wp-image-11061\" src=\"https:\/\/www.wunsch-brautkleid.de\/blog\/wp-content\/uploads\/2013\/06\/Brautkleid-grosse-Gr\u00f6sse-690x459.jpg\" alt=\"Brautkleid gro\u00dfe Gr\u00f6\u00dfe\" width=\"690\" height=\"459\" srcset=\"https:\/\/www.wunsch-brautkleid.de\/blog\/wp-content\/uploads\/2013\/06\/Brautkleid-grosse-Gr\u00f6sse-690x459.jpg 690w, https:\/\/www.wunsch-brautkleid.de\/blog\/wp-content\/uploads\/2013\/06\/Brautkleid-grosse-Gr\u00f6sse-375x250.jpg 375w, https:\/\/www.wunsch-brautkleid.de\/blog\/wp-content\/uploads\/2013\/06\/Brautkleid-grosse-Gr\u00f6sse-768x511.jpg 768w, https:\/\/www.wunsch-brautkleid.de\/blog\/wp-content\/uploads\/2013\/06\/Brautkleid-grosse-Gr\u00f6sse-1170x780.jpg 1170w, https:\/\/www.wunsch-brautkleid.de\/blog\/wp-content\/uploads\/2013\/06\/Brautkleid-grosse-Gr\u00f6sse.jpg 1500w\" sizes=\"(max-width: 690px) 100vw, 690px\" \/><p class=\"wp-caption-text\">\u00a9 Depositphotos.com\/ASphoto777<\/p><\/div>\n<p>M\u00f6chtest du dein Hochzeitskleid verkaufen, sind Bilder von deinem Brautkleid sehr wichtig. Sie helfen Interessenten ein besseres Bild von deinem Hochzeitskleid zu haben und auch sch\u00f6ne Details zu sehen.<\/p>\n<div id=\"attachment_11184\" style=\"max-width: 700px\" class=\"wp-caption aligncenter\"><img decoding=\"async\" loading=\"lazy\" class=\"size-large wp-image-11184\" src=\"https:\/\/www.wunsch-brautkleid.de\/blog\/wp-content\/uploads\/2013\/02\/Brautkleidstoffe-Verzierungen-690x660.jpg\" alt=\"Brautkleidstoffe Verzierungen\" width=\"690\" height=\"660\" srcset=\"https:\/\/www.wunsch-brautkleid.de\/blog\/wp-content\/uploads\/2013\/02\/Brautkleidstoffe-Verzierungen-690x660.jpg 690w, https:\/\/www.wunsch-brautkleid.de\/blog\/wp-content\/uploads\/2013\/02\/Brautkleidstoffe-Verzierungen-375x359.jpg 375w, https:\/\/www.wunsch-brautkleid.de\/blog\/wp-content\/uploads\/2013\/02\/Brautkleidstoffe-Verzierungen-768x734.jpg 768w, https:\/\/www.wunsch-brautkleid.de\/blog\/wp-content\/uploads\/2013\/02\/Brautkleidstoffe-Verzierungen.jpg 1500w\" sizes=\"(max-width: 690px) 100vw, 690px\" \/><p class=\"wp-caption-text\">\u00a9 Depositphotos.com\/Lisovoy<\/p><\/div>\n<p>Da Bilder innerhalb von Sekunden entscheiden k\u00f6nnen, ob jemanden das Brautkleid gef\u00e4llt oder nicht, ist es sehr wichtig, dass es sich dabei um sch\u00f6ne Bilder handelt. W\u00e4hle dabei m\u00f6glichst\u00a0Fotos, bei denen man das Brautkleid am besten erkennen kann. Idealerweise sollte das Brautkleid von vorne, von der Seite und von hinten zu sehen sein. Gerne k\u00f6nnen die Fotos mit und ohne deinen Br\u00e4utigam sein. Die romantischen und emotionalen Bilder sind sehr beliebt.<\/p>\n<p>Weitere Tipps gibt es bei <a href=\"https:\/\/www.wunsch-brautkleid.de\/blog\/brautkleid-online-verkaufen\/#fotos\" target=\"_blank\" rel=\"noopener\"><strong>&#8222;Geeignete Fotos f\u00fcr den Brautkleid Verkauf&#8220;<\/strong><\/a> aus dem Ratgeberartikel.<\/p>\n<div id=\"attachment_12352\" style=\"max-width: 700px\" class=\"wp-caption aligncenter\"><img decoding=\"async\" loading=\"lazy\" class=\"size-large wp-image-12352\" src=\"https:\/\/www.wunsch-brautkleid.de\/blog\/wp-content\/uploads\/2013\/02\/Brautkleid-lang-690x460.jpg\" alt=\"Brautkleid in lang\" width=\"690\" height=\"460\" srcset=\"https:\/\/www.wunsch-brautkleid.de\/blog\/wp-content\/uploads\/2013\/02\/Brautkleid-lang-690x460.jpg 690w, https:\/\/www.wunsch-brautkleid.de\/blog\/wp-content\/uploads\/2013\/02\/Brautkleid-lang-375x250.jpg 375w, https:\/\/www.wunsch-brautkleid.de\/blog\/wp-content\/uploads\/2013\/02\/Brautkleid-lang-768x512.jpg 768w, https:\/\/www.wunsch-brautkleid.de\/blog\/wp-content\/uploads\/2013\/02\/Brautkleid-lang-1170x780.jpg 1170w, https:\/\/www.wunsch-brautkleid.de\/blog\/wp-content\/uploads\/2013\/02\/Brautkleid-lang.jpg 1500w\" sizes=\"(max-width: 690px) 100vw, 690px\" \/><p class=\"wp-caption-text\">\u00a9 Depositphotos.com\/dima_sidelnikov<\/p><\/div>\n<hr \/>\n<h3 style=\"text-align: justify;\">2. Schritt: die Anmeldung<\/h3>\n<div id=\"attachment_12924\" style=\"max-width: 700px\" class=\"wp-caption aligncenter\"><img decoding=\"async\" loading=\"lazy\" class=\"size-large wp-image-12924\" src=\"https:\/\/www.wunsch-brautkleid.de\/blog\/wp-content\/uploads\/2017\/12\/Hochzeitskleid-verkaufen-Anmeldung-690x343.jpg\" alt=\"Hochzeitskleid verkaufen die Anmeldung\" width=\"690\" height=\"343\" srcset=\"https:\/\/www.wunsch-brautkleid.de\/blog\/wp-content\/uploads\/2017\/12\/Hochzeitskleid-verkaufen-Anmeldung-690x343.jpg 690w, https:\/\/www.wunsch-brautkleid.de\/blog\/wp-content\/uploads\/2017\/12\/Hochzeitskleid-verkaufen-Anmeldung-375x186.jpg 375w, https:\/\/www.wunsch-brautkleid.de\/blog\/wp-content\/uploads\/2017\/12\/Hochzeitskleid-verkaufen-Anmeldung-768x381.jpg 768w, https:\/\/www.wunsch-brautkleid.de\/blog\/wp-content\/uploads\/2017\/12\/Hochzeitskleid-verkaufen-Anmeldung.jpg 1500w\" sizes=\"(max-width: 690px) 100vw, 690px\" \/><p class=\"wp-caption-text\">\u00a9 Wunsch-Brautkleid<\/p><\/div>\n<p>Im zweiten Schritt geht es um die <strong>Anmeldung<\/strong> und die <strong>Kontoanlegung<\/strong>. Hier bitten wir auch um die Angabe deiner Kontaktdaten. Diese sind f\u00fcr den Verkauf und weitere Abwicklungen sehr wichtig. Mit diesen gehen wir sehr vertraulich um. Weitere Information dazu findest du im Datenschutz und den AGBs.<\/p>\n<p>Bist du ein Privatverk\u00e4ufer wird vorerst nur dein\u00a0Ort gemeinsam mit der PLZ angezeigt.\u00a0Grund daf\u00fcr ist die <strong>ortsbezogene Suche<\/strong>. Die meisten Interessenten w\u00fcrden gerne sich das Brautkleid ansehen und h\u00e4ufig auch anprobieren, bevor sie es kaufen. Hier ist es f\u00fcr sie sehr wichtig, wo sich der Standort des Verk\u00e4ufers befindet.<\/p>\n<p>\u00dcber den Button &#8222;Anfragen&#8220; bei der Angebotsseite deines Brautkleides k\u00f6nnen Interessenten dich kontaktieren, ohne deine E-Mail Adresse sehen zu k\u00f6nnen. Erst wenn du ihnen antwortest wird diese sichtbar.<\/p>\n<p>Wenn du alles ausgef\u00fcllt hast, kannst du unten rechts auf den Vorschau-Button klicken.\u00a0Dort siehst du, wie das Angebot aussehen wird. Wenn dir dieses gef\u00e4llt, kannst du es best\u00e4tigen oder andererseits auf zur\u00fcck deine Angaben \u00fcberarbeiten.<\/p>\n<hr \/>\n<h3>3. Schritt: die letzten Angaben und die Ver\u00f6ffentlichung<\/h3>\n<p>Hast du deine Angaben best\u00e4tigt, folgt zum Schluss noch die Wahl der Bezahlung. Anschlie\u00dfend\u00a0schicken wir dir eine Email, wenn dein Brautkleid bereit f\u00fcr die Ver\u00f6ffentlichung ist.<\/p>\n<p>Mit deinen Anmeldungsdaten kannst du nat\u00fcrlich immer wieder die Daten deines Brautkleid anpassen, mehr Details beschreiben oder auch den Preis \u00e4ndern.<\/p>\n<hr \/>\n<h2 style=\"text-align: justify;\">So bekommst du am schnellsten einen K\u00e4ufer f\u00fcr dein Brautkleid<\/h2>\n<div id=\"attachment_10844\" style=\"max-width: 700px\" class=\"wp-caption aligncenter\"><img decoding=\"async\" loading=\"lazy\" class=\"size-large wp-image-10844\" src=\"https:\/\/www.wunsch-brautkleid.de\/blog\/wp-content\/uploads\/2017\/10\/brautkleid-online-verkaufen-690x460.jpg\" alt=\"Brautkleid online verkaufen\" width=\"690\" height=\"460\" srcset=\"https:\/\/www.wunsch-brautkleid.de\/blog\/wp-content\/uploads\/2017\/10\/brautkleid-online-verkaufen-690x460.jpg 690w, https:\/\/www.wunsch-brautkleid.de\/blog\/wp-content\/uploads\/2017\/10\/brautkleid-online-verkaufen-375x250.jpg 375w, https:\/\/www.wunsch-brautkleid.de\/blog\/wp-content\/uploads\/2017\/10\/brautkleid-online-verkaufen-768x512.jpg 768w, https:\/\/www.wunsch-brautkleid.de\/blog\/wp-content\/uploads\/2017\/10\/brautkleid-online-verkaufen-1170x780.jpg 1170w, https:\/\/www.wunsch-brautkleid.de\/blog\/wp-content\/uploads\/2017\/10\/brautkleid-online-verkaufen.jpg 1500w\" sizes=\"(max-width: 690px) 100vw, 690px\" \/><p class=\"wp-caption-text\">\u00a9 Depositphotos.com\/muro<\/p><\/div>\n<p style=\"text-align: justify;\">Anzeigen ohne ein Foto, bekommen ganz selten eine Anfrage. Deswegen ist es wichtig, sch\u00f6ne und m\u00f6glichst emotionale Fotos hochzuladen. Das sch\u00f6nste Foto kannst du anschlie\u00dfend als Hauptbild ausw\u00e4hlen.<\/p>\n<p style=\"text-align: justify;\">Dies ist m\u00f6glich indem du die Reihenfolge der Bilder ver\u00e4nderst. Gehe dazu mit dem Cursor auf des gew\u00fcnschte Bild. Dabei erscheinen oben rechts zwei Symbole. Das erste Symbol &#8211; mit den drei Linien &#8211; erm\u00f6glicht dir das Verschieben des Bildes. Verschiebst du dieses nun ganz nach vorne, sodass es das erste Bild ist, wird es nach dem Speichern als Hauptbild angezeigt.<\/p>\n<div id=\"attachment_12926\" style=\"max-width: 700px\" class=\"wp-caption aligncenter\"><img decoding=\"async\" loading=\"lazy\" class=\"size-large wp-image-12926\" src=\"https:\/\/www.wunsch-brautkleid.de\/blog\/wp-content\/uploads\/2017\/12\/Hochzeitskleid-verkaufen-Verkaufsfotos-690x232.jpg\" alt=\"Hochzeitskleid verkaufen mit Verkaufsfotos\" width=\"690\" height=\"232\" srcset=\"https:\/\/www.wunsch-brautkleid.de\/blog\/wp-content\/uploads\/2017\/12\/Hochzeitskleid-verkaufen-Verkaufsfotos-690x232.jpg 690w, https:\/\/www.wunsch-brautkleid.de\/blog\/wp-content\/uploads\/2017\/12\/Hochzeitskleid-verkaufen-Verkaufsfotos-375x126.jpg 375w, https:\/\/www.wunsch-brautkleid.de\/blog\/wp-content\/uploads\/2017\/12\/Hochzeitskleid-verkaufen-Verkaufsfotos.jpg 750w\" sizes=\"(max-width: 690px) 100vw, 690px\" \/><p class=\"wp-caption-text\">\u00a9 Wunsch-Brautkleid<\/p><\/div>\n<p>Dieses ist sehr wichtig, da es der erste Eindruck von deinem Brautkleid ist. Ist dieser positiv, steigen die Verkaufschancen. Aber auch die folgenden Bilder sind sehr wichtig.<\/p>\n<p style=\"text-align: justify;\">Je detaillierter deine Beschreibung ist, desto besser ist die Qualit\u00e4t der Kaufanfragen. Viele Frauen z\u00f6gern, wenn sie nicht gen\u00fcgend lesen k\u00f6nnen. Sei also nicht sparsam, sondern beschreibe das Brautkleid so ausf\u00fchrlich wie m\u00f6glich.<\/p>\n<p style=\"text-align: justify;\">Um die Verkaufschancen weiter zu erh\u00f6hen, ist es von Vorteil, wenn du deine Anzeige verbreitest. Teile den Link zu deinem Brautkleid in Facebook, Twitter usw. Einige posten ihn auch auf unserer <a href=\"https:\/\/www.facebook.com\/WunschBrautkleid\/\" target=\"_blank\" rel=\"nofollow noopener\">Facebook Pinnwand<\/a>. Du kannst ihn auch in verschiedene Hochzeitsforen posten. Je mehr Frauen \u00fcber dein Brautkleid lesen, desto eher ist eine interessierte K\u00e4uferin darunter.<\/p>\n<p style=\"text-align: justify;\">Weitere Informationen f\u00fcr den Verkauf deines Brautkleides und wie du die Verkaufschancen erh\u00f6hen kannst, findest du in den <a href=\"https:\/\/www.wunsch-brautkleid.de\/blog\/brautkleid-online-verkaufen\/\" target=\"_blank\" rel=\"noopener\"><strong>6 wichtigen Tipps zum Brautkleid Verkauf<\/strong><\/a>.<\/p>\n<p>Antworten auf die h\u00e4ufigsten Fragen bez\u00fcglich der Inserierung und nach der Inserierung findest du im <a href=\"https:\/\/www.wunsch-brautkleid.de\/faq\/\" target=\"_blank\" rel=\"noopener\">FAQ<\/a>. Sollte deine Frage hier nicht dabei sein, kannst du uns diese gerne \u00fcber das\u00a0Kontaktformular\u00a0stellen oder uns einfach eine Mail an\u00a0support@wunsch-brautkleid.de\u00a0schicken.\u00a0Sind deine Fragen beantwortet, kannst du jetzt dein\u00a0<strong><a href=\"https:\/\/www.wunsch-brautkleid.de\/kleid-verkaufen\/privat\/\">Brautkleid verkaufen<\/a><\/strong>.<\/p>\n<p style=\"text-align: justify;\">\n","protected":false},"excerpt":{"rendered":"<p>Hast du dir schon einmal \u00fcberlegt, dein Brautkleid nach der Hochzeit wieder zu verkaufen? Tausende Frauen haben bereits ihr Brautkleid bei uns zum Verkauf gestellt. Wir bieten dir die M\u00f6glichkeit, eine neue Besitzerin f\u00fcr dein geliebtes Hochzeitskleid zu finden. Willst du wissen wie? Wir zeigen dir drei einfache Schritte, wie du dein Hochzeitskleid verkaufen kannst.<\/p>\n","protected":false},"author":13,"featured_media":12823,"parent":0,"menu_order":0,"comment_status":"closed","ping_status":"closed","template":"","meta":[],"yoast_head":"<!-- This site is optimized with the Yoast SEO plugin v20.5 - https:\/\/yoast.com\/wordpress\/plugins\/seo\/ -->\n<title>Hochzeitskleid verkaufen in 3 einfachen Schritten - Step by Step<\/title>\n<meta name=\"description\" content=\"Wie kann ich im Internet am besten mein Hochzeitskleid verkaufen? Wir zeigen dir in 3 einfachen Schritten wie es geht. | Tipps und Infos f\u00fcr den erfolgreichen Verkauf deines Brautkleides\" \/>\n<meta name=\"robots\" content=\"index, follow, max-snippet:-1, max-image-preview:large, max-video-preview:-1\" \/>\n<link rel=\"canonical\" href=\"https:\/\/www.wunsch-brautkleid.de\/blog\/hochzeitskleid-verkaufen\/\" \/>\n<meta property=\"og:locale\" content=\"de_DE\" \/>\n<meta property=\"og:type\" content=\"article\" \/>\n<meta property=\"og:title\" content=\"3 einfache Schritte um dein Brautkleid zu verkaufen\" \/>\n<meta property=\"og:description\" content=\"M\u00f6chtest du dein Brautkleid verkaufen? Wir zeigen dir in 3 einfachen Schritten wie es geht - mit wertvolle Tipps und Infos f\u00fcr den erfolgreichen Verkauf deines Brautkleides.\" \/>\n<meta property=\"og:url\" content=\"https:\/\/www.wunsch-brautkleid.de\/blog\/hochzeitskleid-verkaufen\/\" \/>\n<meta property=\"og:site_name\" content=\"Blog f\u00fcr Hochzeiten mit Brautmoden und Brautkleidern | Wunsch-Brautkleid.de\" \/>\n<meta property=\"article:modified_time\" content=\"2019-01-02T13:17:18+00:00\" \/>\n<meta property=\"og:image\" content=\"https:\/\/www.wunsch-brautkleid.de\/blog\/wp-content\/uploads\/2017\/12\/hochzeitskleid-verkaufen.jpg\" \/>\n\t<meta property=\"og:image:width\" content=\"1500\" \/>\n\t<meta property=\"og:image:height\" content=\"1000\" \/>\n\t<meta property=\"og:image:type\" content=\"image\/jpeg\" \/>\n<meta name=\"twitter:card\" content=\"summary_large_image\" \/>\n<meta name=\"twitter:site\" content=\"@wbrautkleid\" \/>\n<meta name=\"twitter:label1\" content=\"Est. reading time\" \/>\n\t<meta name=\"twitter:data1\" content=\"6 Minuten\" \/>\n<script type=\"application\/ld+json\" class=\"yoast-schema-graph\">{\"@context\":\"https:\/\/schema.org\",\"@graph\":[{\"@type\":\"WebPage\",\"@id\":\"https:\/\/www.wunsch-brautkleid.de\/blog\/hochzeitskleid-verkaufen\/\",\"url\":\"https:\/\/www.wunsch-brautkleid.de\/blog\/hochzeitskleid-verkaufen\/\",\"name\":\"Hochzeitskleid verkaufen in 3 einfachen Schritten - Step by Step\",\"isPartOf\":{\"@id\":\"https:\/\/www.wunsch-brautkleid.de\/blog\/#website\"},\"datePublished\":\"2012-10-14T22:40:45+00:00\",\"dateModified\":\"2019-01-02T13:17:18+00:00\",\"description\":\"Wie kann ich im Internet am besten mein Hochzeitskleid verkaufen? Wir zeigen dir in 3 einfachen Schritten wie es geht. | Tipps und Infos f\u00fcr den erfolgreichen Verkauf deines Brautkleides\",\"breadcrumb\":{\"@id\":\"https:\/\/www.wunsch-brautkleid.de\/blog\/hochzeitskleid-verkaufen\/#breadcrumb\"},\"inLanguage\":\"de-DE\",\"potentialAction\":[{\"@type\":\"ReadAction\",\"target\":[\"https:\/\/www.wunsch-brautkleid.de\/blog\/hochzeitskleid-verkaufen\/\"]}]},{\"@type\":\"BreadcrumbList\",\"@id\":\"https:\/\/www.wunsch-brautkleid.de\/blog\/hochzeitskleid-verkaufen\/#breadcrumb\",\"itemListElement\":[{\"@type\":\"ListItem\",\"position\":1,\"name\":\"Startseite\",\"item\":\"https:\/\/www.wunsch-brautkleid.de\/blog\/\"},{\"@type\":\"ListItem\",\"position\":2,\"name\":\"Hochzeitskleid verkaufen in 3 einfachen Schritten\"}]},{\"@type\":\"WebSite\",\"@id\":\"https:\/\/www.wunsch-brautkleid.de\/blog\/#website\",\"url\":\"https:\/\/www.wunsch-brautkleid.de\/blog\/\",\"name\":\"Blog f\u00fcr Hochzeiten mit Brautmoden und Brautkleidern | Wunsch-Brautkleid.de\",\"description\":\"Dein Wunschbrautkleid, Blog \u00fcber Brautkleider und Brautmode.\",\"potentialAction\":[{\"@type\":\"SearchAction\",\"target\":{\"@type\":\"EntryPoint\",\"urlTemplate\":\"https:\/\/www.wunsch-brautkleid.de\/blog\/?s={search_term_string}\"},\"query-input\":\"required name=search_term_string\"}],\"inLanguage\":\"de-DE\"}]}<\/script>\n<!-- \/ Yoast SEO plugin. -->","yoast_head_json":{"title":"Hochzeitskleid verkaufen in 3 einfachen Schritten - Step by Step","description":"Wie kann ich im Internet am besten mein Hochzeitskleid verkaufen? Wir zeigen dir in 3 einfachen Schritten wie es geht. | Tipps und Infos f\u00fcr den erfolgreichen Verkauf deines Brautkleides","robots":{"index":"index","follow":"follow","max-snippet":"max-snippet:-1","max-image-preview":"max-image-preview:large","max-video-preview":"max-video-preview:-1"},"canonical":"https:\/\/www.wunsch-brautkleid.de\/blog\/hochzeitskleid-verkaufen\/","og_locale":"de_DE","og_type":"article","og_title":"3 einfache Schritte um dein Brautkleid zu verkaufen","og_description":"M\u00f6chtest du dein Brautkleid verkaufen? Wir zeigen dir in 3 einfachen Schritten wie es geht - mit wertvolle Tipps und Infos f\u00fcr den erfolgreichen Verkauf deines Brautkleides.","og_url":"https:\/\/www.wunsch-brautkleid.de\/blog\/hochzeitskleid-verkaufen\/","og_site_name":"Blog f\u00fcr Hochzeiten mit Brautmoden und Brautkleidern | Wunsch-Brautkleid.de","article_modified_time":"2019-01-02T13:17:18+00:00","og_image":[{"width":1500,"height":1000,"url":"https:\/\/www.wunsch-brautkleid.de\/blog\/wp-content\/uploads\/2017\/12\/hochzeitskleid-verkaufen.jpg","type":"image\/jpeg"}],"twitter_card":"summary_large_image","twitter_site":"@wbrautkleid","twitter_misc":{"Est. reading time":"6 Minuten"},"schema":{"@context":"https:\/\/schema.org","@graph":[{"@type":"WebPage","@id":"https:\/\/www.wunsch-brautkleid.de\/blog\/hochzeitskleid-verkaufen\/","url":"https:\/\/www.wunsch-brautkleid.de\/blog\/hochzeitskleid-verkaufen\/","name":"Hochzeitskleid verkaufen in 3 einfachen Schritten - Step by Step","isPartOf":{"@id":"https:\/\/www.wunsch-brautkleid.de\/blog\/#website"},"datePublished":"2012-10-14T22:40:45+00:00","dateModified":"2019-01-02T13:17:18+00:00","description":"Wie kann ich im Internet am besten mein Hochzeitskleid verkaufen? Wir zeigen dir in 3 einfachen Schritten wie es geht. | Tipps und Infos f\u00fcr den erfolgreichen Verkauf deines Brautkleides","breadcrumb":{"@id":"https:\/\/www.wunsch-brautkleid.de\/blog\/hochzeitskleid-verkaufen\/#breadcrumb"},"inLanguage":"de-DE","potentialAction":[{"@type":"ReadAction","target":["https:\/\/www.wunsch-brautkleid.de\/blog\/hochzeitskleid-verkaufen\/"]}]},{"@type":"BreadcrumbList","@id":"https:\/\/www.wunsch-brautkleid.de\/blog\/hochzeitskleid-verkaufen\/#breadcrumb","itemListElement":[{"@type":"ListItem","position":1,"name":"Startseite","item":"https:\/\/www.wunsch-brautkleid.de\/blog\/"},{"@type":"ListItem","position":2,"name":"Hochzeitskleid verkaufen in 3 einfachen Schritten"}]},{"@type":"WebSite","@id":"https:\/\/www.wunsch-brautkleid.de\/blog\/#website","url":"https:\/\/www.wunsch-brautkleid.de\/blog\/","name":"Blog f\u00fcr Hochzeiten mit Brautmoden und Brautkleidern | Wunsch-Brautkleid.de","description":"Dein Wunschbrautkleid, Blog \u00fcber Brautkleider und Brautmode.","potentialAction":[{"@type":"SearchAction","target":{"@type":"EntryPoint","urlTemplate":"https:\/\/www.wunsch-brautkleid.de\/blog\/?s={search_term_string}"},"query-input":"required name=search_term_string"}],"inLanguage":"de-DE"}]}},"_links":{"self":[{"href":"https:\/\/www.wunsch-brautkleid.de\/blog\/wp-json\/wp\/v2\/pages\/95"}],"collection":[{"href":"https:\/\/www.wunsch-brautkleid.de\/blog\/wp-json\/wp\/v2\/pages"}],"about":[{"href":"https:\/\/www.wunsch-brautkleid.de\/blog\/wp-json\/wp\/v2\/types\/page"}],"author":[{"embeddable":true,"href":"https:\/\/www.wunsch-brautkleid.de\/blog\/wp-json\/wp\/v2\/users\/13"}],"replies":[{"embeddable":true,"href":"https:\/\/www.wunsch-brautkleid.de\/blog\/wp-json\/wp\/v2\/comments?post=95"}],"version-history":[{"count":52,"href":"https:\/\/www.wunsch-brautkleid.de\/blog\/wp-json\/wp\/v2\/pages\/95\/revisions"}],"predecessor-version":[{"id":14317,"href":"https:\/\/www.wunsch-brautkleid.de\/blog\/wp-json\/wp\/v2\/pages\/95\/revisions\/14317"}],"wp:featuredmedia":[{"embeddable":true,"href":"https:\/\/www.wunsch-brautkleid.de\/blog\/wp-json\/wp\/v2\/media\/12823"}],"wp:attachment":[{"href":"https:\/\/www.wunsch-brautkleid.de\/blog\/wp-json\/wp\/v2\/media?parent=95"}],"curies":[{"name":"wp","href":"https:\/\/api.w.org\/{rel}","templated":true}]}}